{"id":126,"date":"2020-02-10T21:54:29","date_gmt":"2020-02-10T19:54:29","guid":{"rendered":"http:\/\/www.maakauppa.fi\/?page_id=126"},"modified":"2020-02-15T23:44:21","modified_gmt":"2020-02-15T21:44:21","slug":"sopimusmalleja","status":"publish","type":"page","link":"https:\/\/www.maakauppa.fi\/?page_id=126","title":{"rendered":"Sopimusmalleja"},"content":{"rendered":"\n<div class=\"wp-block-file\"><a href=\"http:\/\/www.maakauppa.fi\/wp-content\/uploads\/2020\/02\/1-Kauppakirja-perusmalli-1.1.pdf\">Kiinteist\u00f6n kauppakirja (perusmalli 1.1)<\/a><\/div>\n\n\n\n<div class=\"wp-block-file\"><a href=\"http:\/\/www.maakauppa.fi\/wp-content\/uploads\/2019\/07\/Kiinteist\u00f6n-kauppakirja-tulostettava.pdf\">Kiinteist\u00f6n kauppakirja (tulostettava)<\/a><\/div>\n\n\n\n<div class=\"wp-block-file\"><a href=\"http:\/\/www.maakauppa.fi\/wp-content\/uploads\/2019\/07\/2-Yksil\u00f6ity-valtakirja-m\u00e4\u00e4r\u00e4alan-myynti\u00e4_ostoa-varten.pdf\">Yksil\u00f6ity valtakirja m\u00e4\u00e4r\u00e4alan myynti\u00e4 tai ostoa varten<\/a><\/div>\n\n\n\n<div class=\"wp-block-file\"><a href=\"http:\/\/www.maakauppa.fi\/wp-content\/uploads\/2019\/07\/2-Yksil\u00f6ity-valtakirja-m\u00e4\u00e4r\u00e4alan-myynti\u00e4_ostoa-varten.pdf\">Yksil\u00f6ity valtakirja m\u00e4\u00e4r\u00e4alan myynti\u00e4 tai ostoa varten<\/a><\/div>\n\n\n\n<div class=\"wp-block-file\"><a href=\"http:\/\/www.maakauppa.fi\/wp-content\/uploads\/2019\/07\/3-Yksil\u00f6ity-valtakirja-kiinteist\u00f6n-m\u00e4\u00e4r\u00e4osan-myynti\u00e4_ostoa-varten.pdf\">Yksil\u00f6ity valtakirja kiinteist\u00f6n m\u00e4\u00e4r\u00e4osan myynti\u00e4 tai ostoa varten<\/a><\/div>\n\n\n\n<div class=\"wp-block-file\"><a href=\"http:\/\/www.maakauppa.fi\/wp-content\/uploads\/2019\/07\/4-Yleisvaltakirja.pdf\">Yleisvaltakirja<\/a><\/div>\n\n\n\n<div class=\"wp-block-file\"><a href=\"http:\/\/www.maakauppa.fi\/wp-content\/uploads\/2019\/07\/1-Rasitesopimus-KML-ja-MRA-perusmalli-1.0.pdf\">Rasitesopimus KML ja MRA<\/a><\/div>\n\n\n\n<div class=\"wp-block-file\"><a href=\"http:\/\/www.maakauppa.fi\/wp-content\/uploads\/2019\/07\/Rasitesopimus-tulostettava.pdf\">Rasitesopimus-tulostettava<\/a><\/div>\n\n\n\n<p><\/p>\n","protected":false},"excerpt":{"rendered":"","protected":false},"author":1,"featured_media":0,"parent":0,"menu_order":0,"comment_status":"closed","ping_status":"closed","template":"","meta":{"footnotes":""},"class_list":["post-126","page","type-page","status-publish","hentry"],"_links":{"self":[{"href":"https:\/\/www.maakauppa.fi\/index.php?rest_route=\/wp\/v2\/pages\/126","targetHints":{"allow":["GET"]}}],"collection":[{"href":"https:\/\/www.maakauppa.fi\/index.php?rest_route=\/wp\/v2\/pages"}],"about":[{"href":"https:\/\/www.maakauppa.fi\/index.php?rest_route=\/wp\/v2\/types\/page"}],"author":[{"embeddable":true,"href":"https:\/\/www.maakauppa.fi\/index.php?rest_route=\/wp\/v2\/users\/1"}],"replies":[{"embeddable":true,"href":"https:\/\/www.maakauppa.fi\/index.php?rest_route=%2Fwp%2Fv2%2Fcomments&post=126"}],"version-history":[{"count":5,"href":"https:\/\/www.maakauppa.fi\/index.php?rest_route=\/wp\/v2\/pages\/126\/revisions"}],"predecessor-version":[{"id":247,"href":"https:\/\/www.maakauppa.fi\/index.php?rest_route=\/wp\/v2\/pages\/126\/revisions\/247"}],"wp:attachment":[{"href":"https:\/\/www.maakauppa.fi\/index.php?rest_route=%2Fwp%2Fv2%2Fmedia&parent=126"}],"curies":[{"name":"wp","href":"https:\/\/api.w.org\/{rel}","templated":true}]}}